{"id":1359,"date":"2021-01-25T17:31:02","date_gmt":"2021-01-25T16:31:02","guid":{"rendered":"https:\/\/sanifast.it\/?page_id=1359"},"modified":"2021-02-03T17:19:59","modified_gmt":"2021-02-03T16:19:59","slug":"work-with-us","status":"publish","type":"page","link":"https:\/\/sanifast.it\/en\/work-with-us\/","title":{"rendered":"Work with us"},"content":{"rendered":"<p>[et_pb_section fb_built=&#8221;1&#8243; _builder_version=&#8221;4.4.1&#8243; background_enable_image=&#8221;off&#8221; custom_margin=&#8221;0px||0px||false|false&#8221; custom_padding=&#8221;0px||0px||false|false&#8221;][et_pb_row column_structure=&#8221;2_5,3_5&#8243; use_custom_gutter=&#8221;on&#8221; gutter_width=&#8221;1&#8243; make_equal=&#8221;on&#8221; _builder_version=&#8221;4.4.1&#8243; width=&#8221;100%&#8221; max_width=&#8221;1600px&#8221; custom_margin=&#8221;0px||0px||false|false&#8221; custom_padding=&#8221;0px||0px||false|false&#8221;][et_pb_column type=&#8221;2_5&#8243; _builder_version=&#8221;4.4.1&#8243; custom_padding=&#8221;70px|50px|50px|50px|false|false&#8221; custom_padding_tablet=&#8221;40px|30px|30px|30px|false|false&#8221; custom_padding_phone=&#8221;&#8221; custom_padding_last_edited=&#8221;on|tablet&#8221;][et_pb_text admin_label=&#8221;WORK WITH US&#8221; _builder_version=&#8221;4.8.1&#8243; text_orientation=&#8221;center&#8221; custom_margin=&#8221;||20px||false|false&#8221;]<\/p>\n<h1>WORK WITH US<\/h1>\n<p>At sanifast we are revolutionizing the way people make healthcare bookings. Through Sanifast it is possible to book specialist visits and diagnostic tests, comfortably and in a smart way, both in private and in agreement. Simply book a call back and an operator will call back within half an hour. We want to become the reference booking system, the App you rely on to take care of your health and we want to take this challenge together with you through a path of growth and opportunities. We offer unlimited access to tons of facilities, giving people the freedom to book what they need where they need it.<\/p>\n<p>[\/et_pb_text][et_pb_button button_url=&#8221;#lavoraconnoi&#8221; button_text=&#8221;Candidate&#8221; button_alignment=&#8221;center&#8221; _builder_version=&#8221;4.8.1&#8243; custom_button=&#8221;on&#8221; button_border_width=&#8221;3px&#8221;][\/et_pb_button][\/et_pb_column][et_pb_column type=&#8221;3_5&#8243; _builder_version=&#8221;4.2.2&#8243;][et_pb_image src=&#8221;https:\/\/sanifast.it\/wp-content\/uploads\/2020\/03\/lavora-con-noi2.jpg&#8221; _builder_version=&#8221;4.4.1&#8243;][\/et_pb_image][\/et_pb_column][\/et_pb_row][\/et_pb_section][et_pb_section fb_built=&#8221;1&#8243; module_id=&#8221;lavoraconnoi&#8221; _builder_version=&#8221;4.4.1&#8243; background_color=&#8221;#293378&#8243;][et_pb_row column_structure=&#8221;2_5,3_5&#8243; _builder_version=&#8221;4.2.2&#8243;][et_pb_column type=&#8221;2_5&#8243; _builder_version=&#8221;4.2.2&#8243;][et_pb_text admin_label=&#8221;Posizioni aperte&#8221; _builder_version=&#8221;4.8.1&#8243; background_layout=&#8221;dark&#8221;]<\/p>\n<h1>Open position<\/h1>\n<p>[\/et_pb_text][et_pb_text admin_label=&#8221;Agente&#8221; _builder_version=&#8221;4.8.1&#8243; background_color=&#8221;#314689&#8243; background_layout=&#8221;dark&#8221; custom_padding=&#8221;20px|20px|20px|20px|false|false&#8221;]<\/p>\n<h3>Call center agent<\/h3>\n<p>We are looking for a resource to be included in our team of serious and determined Call Center Agents for healthcare bookings, in-bound and out-bound, specialist visits and diagnostic tests in private and in agreement. The ideal candidate is a young high school graduate with knowledge of basic computer systems, good interpersonal skills and problem solving skills. Prior experience in the health sector and knowledge of English (optional second language) will be preferable.<\/p>\n<p>[\/et_pb_text][et_pb_text admin_label=&#8221;Tirocinio&#8221; _builder_version=&#8221;4.8.1&#8243; background_color=&#8221;#314689&#8243; background_layout=&#8221;dark&#8221; custom_padding=&#8221;20px|20px|20px|20px|false|false&#8221;]<\/p>\n<h3>Internship<\/h3>\n<p>We are looking for a resource to be interned in our Sanifast Team. The resource in constant collaboration with the Tutor will have to deal with the management of the switchboard, user reception, organization of meeting rooms, HR and management support activities, secretariat, and general services. The ideal candidate is a young graduate \/ graduate under 25 with knowledge of basic information systems, good interpersonal and problem solving skills. During the internship, the candidate will acquire the following skills: basic training on health and specific training on health facilities, training on IT and booking management systems.<\/p>\n<p>[\/et_pb_text][\/et_pb_column][et_pb_column type=&#8221;3_5&#8243; _builder_version=&#8221;4.2.2&#8243;][et_pb_text admin_label=&#8221;form di contatto&#8221; _builder_version=&#8221;4.8.1&#8243; background_layout=&#8221;dark&#8221; hover_enabled=&#8221;0&#8243; sticky_enabled=&#8221;0&#8243;]<\/p>\n<div class=\"wpforms-container wpforms-container-full\" id=\"wpforms-1468\"><form id=\"wpforms-form-1468\" class=\"wpforms-validate wpforms-form\" data-formid=\"1468\" method=\"post\" enctype=\"multipart\/form-data\" action=\"\/en\/wp-json\/wp\/v2\/pages\/1359?wpforms_form_id=1468\" data-token=\"8faafd9a3d3b271d0824514ec1a7d619\"><noscript class=\"wpforms-error-noscript\">Please enable JavaScript in your browser to complete this form.<\/noscript><div class=\"wpforms-field-container\"><div id=\"wpforms-1468-field_0-container\" class=\"wpforms-field wpforms-field-name\" data-field-id=\"0\"><label class=\"wpforms-field-label wpforms-label-hide\" for=\"wpforms-1468-field_0\">Nome <span class=\"wpforms-required-label\">*<\/span><\/label><div class=\"wpforms-field-row wpforms-field-large\"><div class=\"wpforms-field-row-block wpforms-first wpforms-one-half\"><input type=\"text\" id=\"wpforms-1468-field_0\" class=\"wpforms-field-name-first wpforms-field-required\" name=\"wpforms[fields][0][first]\" placeholder=\"First Name\" required><label for=\"wpforms-1468-field_0\" class=\"wpforms-field-sublabel after wpforms-sublabel-hide\">First<\/label><\/div><div class=\"wpforms-field-row-block wpforms-one-half\"><input type=\"text\" id=\"wpforms-1468-field_0-last\" class=\"wpforms-field-name-last wpforms-field-required\" name=\"wpforms[fields][0][last]\" placeholder=\"Surname\" required><label for=\"wpforms-1468-field_0-last\" class=\"wpforms-field-sublabel after wpforms-sublabel-hide\">Last<\/label><\/div><\/div><\/div><div id=\"wpforms-1468-field_1-container\" class=\"wpforms-field wpforms-field-email wpforms-one-half wpforms-first\" data-field-id=\"1\"><label class=\"wpforms-field-label wpforms-label-hide\" for=\"wpforms-1468-field_1\">Email <span class=\"wpforms-required-label\">*<\/span><\/label><input type=\"email\" id=\"wpforms-1468-field_1\" class=\"wpforms-field-large wpforms-field-required\" name=\"wpforms[fields][1]\" placeholder=\"Email\" required><\/div><div id=\"wpforms-1468-field_3-container\" class=\"wpforms-field wpforms-field-phone wpforms-one-half\" data-field-id=\"3\"><label class=\"wpforms-field-label wpforms-label-hide\" for=\"wpforms-1468-field_3\">Telefono<\/label><input type=\"tel\" id=\"wpforms-1468-field_3\" class=\"wpforms-field-large wpforms-smart-phone-field\" data-rule-smart-phone-field=\"true\" name=\"wpforms[fields][3]\" placeholder=\"Telephone\" ><\/div><div id=\"wpforms-1468-field_7-container\" class=\"wpforms-field wpforms-field-file-upload\" data-field-id=\"7\"><label class=\"wpforms-field-label wpforms-label-hide\" for=\"wpforms-1468-field_7\">Allega il tuo cv<\/label><div class=\"wpforms-uploader\"\n\tdata-field-id=\"7\"\n\tdata-form-id=\"1468\"\n\tdata-input-name=\"wpforms_1468_7\"\n\tdata-extensions=\"doc,docx,pdf\"\n\tdata-max-size=\"2147483648\"\n\tdata-max-file-number=\"1\"\n\tdata-post-max-size=\"2147483648\"\n    data-max-parallel-uploads=\"4\"\n    data-parallel-uploads=\"true\"\n\tdata-file-chunk-size=\"2097152\">\n\t<div class=\"dz-message\">\n\t\t<svg viewBox=\"0 0 1024 1024\" focusable=\"false\" class=\"\" data-icon=\"inbox\" width=\"50px\" height=\"50px\" fill=\"#B1B1B1\" aria-hidden=\"true\"><path d=\"M885.2 446.3l-.2-.8-112.2-285.1c-5-16.1-19.9-27.2-36.8-27.2H281.2c-17 0-32.1 11.3-36.9 27.6L139.4 443l-.3.7-.2.8c-1.3 4.9-1.7 9.9-1 14.8-.1 1.6-.2 3.2-.2 4.8V830a60.9 60.9 0 0 0 60.8 60.8h627.2c33.5 0 60.8-27.3 60.9-60.8V464.1c0-1.3 0-2.6-.1-3.7.4-4.9 0-9.6-1.3-14.1zm-295.8-43l-.3 15.7c-.8 44.9-31.8 75.1-77.1 75.1-22.1 0-41.1-7.1-54.8-20.6S436 441.2 435.6 419l-.3-15.7H229.5L309 210h399.2l81.7 193.3H589.4zm-375 76.8h157.3c24.3 57.1 76 90.8 140.4 90.8 33.7 0 65-9.4 90.3-27.2 22.2-15.6 39.5-37.4 50.7-63.6h156.5V814H214.4V480.1z\"><\/path><\/svg>\n\t\t<span class=\"modern-title\">\n\t\t\tClick or drag a file to this area to upload.\t\t<\/span>\n\n\t\t\t<\/div>\n<\/div>\n<input type=\"text\" class=\"dropzone-input\"\n\tstyle=\"position:absolute!important;clip:rect(0,0,0,0)!important;height:1px!important;width:1px!important;border:0!important;overflow:hidden!important;padding:0!important;margin:0!important;\"\n\tid=\"wpforms-1468-field_7\"\n\tname=\"wpforms_1468_7\" >\n<div class=\"wpforms-field-description\">Attach your CV or presentation<\/div><\/div><div id=\"wpforms-1468-field_2-container\" class=\"wpforms-field wpforms-field-textarea\" data-field-id=\"2\"><label class=\"wpforms-field-label wpforms-label-hide\" for=\"wpforms-1468-field_2\">Messaggio <span class=\"wpforms-required-label\">*<\/span><\/label><textarea id=\"wpforms-1468-field_2\" class=\"wpforms-field-medium wpforms-field-required\" name=\"wpforms[fields][2]\" placeholder=\"Message\" required><\/textarea><\/div><div id=\"wpforms-1468-field_4-container\" class=\"wpforms-field wpforms-field-checkbox flagPrivacy\" data-field-id=\"4\"><label class=\"wpforms-field-label wpforms-label-hide\" for=\"wpforms-1468-field_4\">Privacy Policy <span class=\"wpforms-required-label\">*<\/span><\/label><ul id=\"wpforms-1468-field_4\" class=\"wpforms-field-required\"><li class=\"choice-1 depth-1\"><input type=\"checkbox\" id=\"wpforms-1468-field_4_1\" name=\"wpforms[fields][4][]\" value=\"Accept the &lt;a target=&quot;_blank&quot; href=&quot;\/privacy-policy\/&quot;&gt;Privacy Policy&lt;\/a&gt;\" required ><label class=\"wpforms-field-label-inline\" for=\"wpforms-1468-field_4_1\">Accept the <a target=\"_blank\" href=\"\/privacy-policy\/\">Privacy Policy<\/a><\/label><\/li><\/ul><\/div><\/div><div class=\"wpforms-field wpforms-field-hp\"><label for=\"wpforms-1468-field-hp\" class=\"wpforms-field-label\">Message<\/label><input type=\"text\" name=\"wpforms[hp]\" id=\"wpforms-1468-field-hp\" class=\"wpforms-field-medium\"><\/div><input type=\"hidden\" name=\"wpforms[recaptcha]\" value=\"\"><div class=\"wpforms-submit-container\" ><input type=\"hidden\" name=\"wpforms[id]\" value=\"1468\"><input type=\"hidden\" name=\"wpforms[author]\" value=\"8\"><button type=\"submit\" name=\"wpforms[submit]\" class=\"wpforms-submit \" id=\"wpforms-submit-1468\" value=\"wpforms-submit\" aria-live=\"assertive\" data-alt-text=\"Sending...\" data-submit-text=\"Send\">Send<\/button><\/div><\/form><\/div>  <!-- .wpforms-container -->\n<p>[\/et_pb_text][\/et_pb_column][\/et_pb_row][\/et_pb_section][et_pb_section fb_built=&#8221;1&#8243; admin_label=&#8221;Footer con iphone&#8221; module_id=&#8221;download&#8221; _builder_version=&#8221;4.2.2&#8243; background_color=&#8221;#007fc4&#8243; background_color_gradient_direction=&#8221;90deg&#8221; custom_margin=&#8221;0px||||false|false&#8221; custom_padding=&#8221;0px||0px||false|false&#8221; global_module=&#8221;1387&#8243; saved_tabs=&#8221;all&#8221; locked=&#8221;off&#8221;][et_pb_row column_structure=&#8221;1_3,1_3,1_3&#8243; use_custom_gutter=&#8221;on&#8221; gutter_width=&#8221;2&#8243; _builder_version=&#8221;4.2.2&#8243; custom_margin=&#8221;||0px||false|false&#8221; custom_padding=&#8221;||0px||false|false&#8221;][et_pb_column type=&#8221;1_3&#8243; _builder_version=&#8221;4.2.2&#8243;][et_pb_text admin_label=&#8221;Sanifast srl&#8221; _builder_version=&#8221;4.5.1&#8243; background_layout=&#8221;dark&#8221; custom_margin=&#8221;80px||||false|false&#8221; text_orientation_tablet=&#8221;&#8221; text_orientation_phone=&#8221;center&#8221; text_orientation_last_edited=&#8221;on|phone&#8221;]<\/p>\n<h3>Sanifast srl<\/h3>\n<p>Corso Lodi 49<br \/>\n20139 Milano<br \/>\nPIVA 09829250969[\/et_pb_text][\/et_pb_column][et_pb_column type=&#8221;1_3&#8243; _builder_version=&#8221;4.2.2&#8243;][et_pb_text admin_label=&#8221;SCARICA LA NOSTRA APP&#8221; _builder_version=&#8221;4.8.1&#8243; text_orientation=&#8221;right&#8221; background_layout=&#8221;dark&#8221; custom_margin=&#8221;80px||||false|false&#8221; animation_style=&#8221;slide&#8221; animation_direction=&#8221;bottom&#8221; animation_intensity_slide=&#8221;5%&#8221; text_orientation_tablet=&#8221;&#8221; text_orientation_phone=&#8221;center&#8221; text_orientation_last_edited=&#8221;on|phone&#8221;]<\/p>\n<h3>DOWNLOAD OUR APP<\/h3>\n<p>Available for iPhone and Android<\/p>\n<p>[\/et_pb_text][et_pb_image src=&#8221;https:\/\/sanifast.it\/wp-content\/uploads\/2020\/02\/app-store.svg&#8221; url=&#8221;https:\/\/itunes.apple.com\/it\/app\/sanifast\/id1229213529&#8243; url_new_window=&#8221;on&#8221; align=&#8221;right&#8221; admin_label=&#8221;App store&#8221; module_class=&#8221;logoStoreFooter&#8221; _builder_version=&#8221;4.2.2&#8243; width=&#8221;50%&#8221; animation_style=&#8221;slide&#8221; animation_direction=&#8221;right&#8221; animation_delay=&#8221;500ms&#8221; animation_intensity_slide=&#8221;5%&#8221;][\/et_pb_image][et_pb_image src=&#8221;https:\/\/sanifast.it\/wp-content\/uploads\/2020\/02\/google-play.svg&#8221; url=&#8221;https:\/\/play.google.com\/store\/apps\/details?id=it.thedigitalprojectsrls.sanifast&#038;hl=it&#8221; url_new_window=&#8221;on&#8221; align=&#8221;right&#8221; admin_label=&#8221;Android&#8221; module_class=&#8221;logoStoreFooter&#8221; _builder_version=&#8221;4.2.2&#8243; width=&#8221;50%&#8221; animation_style=&#8221;slide&#8221; animation_direction=&#8221;right&#8221; animation_delay=&#8221;750ms&#8221; animation_intensity_slide=&#8221;5%&#8221;][\/et_pb_image][\/et_pb_column][et_pb_column type=&#8221;1_3&#8243; _builder_version=&#8221;4.2.2&#8243;][et_pb_image src=&#8221;https:\/\/sanifast.it\/wp-content\/uploads\/2020\/02\/mockup-telefono.jpg&#8221; admin_label=&#8221;telefono&#8221; _builder_version=&#8221;4.2.2&#8243; animation_style=&#8221;slide&#8221; animation_direction=&#8221;right&#8221; animation_intensity_slide=&#8221;5%&#8221;][\/et_pb_image][\/et_pb_column][\/et_pb_row][\/et_pb_section]<\/p>\n","protected":false},"excerpt":{"rendered":"<p>WORK WITH US At sanifast we are revolutionizing the way people make healthcare bookings. Through Sanifast it is possible to book specialist visits and diagnostic tests, comfortably and in a smart way, both in private and in agreement. Simply book a call back and an operator will call back within half an hour. We want [&hellip;]<\/p>\n","protected":false},"author":8,"featured_media":0,"parent":0,"menu_order":50,"comment_status":"closed","ping_status":"closed","template":"","meta":{"_et_pb_use_builder":"on","_et_pb_old_content":"<p>[et_pb_section fb_built=\"1\" _builder_version=\"4.4.1\" background_enable_image=\"off\" custom_margin=\"0px||0px||false|false\" custom_padding=\"0px||0px||false|false\"][et_pb_row column_structure=\"2_5,3_5\" use_custom_gutter=\"on\" gutter_width=\"1\" make_equal=\"on\" _builder_version=\"4.4.1\" width=\"100%\" max_width=\"1600px\" custom_margin=\"0px||0px||false|false\" custom_padding=\"0px||0px||false|false\"][et_pb_column type=\"2_5\" _builder_version=\"4.4.1\" custom_padding=\"70px|50px|50px|50px|false|false\" custom_padding_tablet=\"40px|30px|30px|30px|false|false\" custom_padding_phone=\"\" custom_padding_last_edited=\"on|tablet\"][et_pb_text admin_label=\"WORK WITH US\" _builder_version=\"4.5.1\" text_orientation=\"center\" custom_margin=\"||20px||false|false\"]<\/p><h1>WORK WITH US<\/h1><p>In SaniFast stiamo rivoluzionando il modo in cui le persone effettuano le prenotazioni sanitarie. Attraverso SaniFast \u00e8 possibile prenotare visite specialistiche ed esami diagnostici, comodamente ed in modo smart, sia in regime privato che in convenzione. Basta semplicemente prenotare una richiamata ed un operatore richiamer\u00e0 entro mezz\u2019ora. Vogliamo diventare il sistema di prenotazioni di riferimento, l\u2019App alla quale ci si affida per prendersi cura della propria salute e vogliamo intraprendere questa sfida insieme a te attraverso un percorso di crescita e di opportunit\u00e0. Offriamo accesso illimitato a tantissime strutture, dando alle persone la libert\u00e0 di prenotare ci\u00f2 di cui hanno bisogno dove hanno bisogno.<\/p><p>[\/et_pb_text][et_pb_button button_url=\"#lavoraconnoi\" button_text=\"Candidati\" button_alignment=\"center\" _builder_version=\"4.5.1\" hover_enabled=\"0\" custom_button=\"on\" button_border_width=\"3px\"][\/et_pb_button][\/et_pb_column][et_pb_column type=\"3_5\" _builder_version=\"4.2.2\"][et_pb_image src=\"https:\/\/sanifast.it\/wp-content\/uploads\/2020\/03\/lavora-con-noi2.jpg\" _builder_version=\"4.4.1\"][\/et_pb_image][\/et_pb_column][\/et_pb_row][\/et_pb_section][et_pb_section fb_built=\"1\" module_id=\"lavoraconnoi\" _builder_version=\"4.4.1\" background_color=\"#293378\"][et_pb_row column_structure=\"2_5,3_5\" _builder_version=\"4.2.2\"][et_pb_column type=\"2_5\" _builder_version=\"4.2.2\"][et_pb_text admin_label=\"Posizioni aperte\" _builder_version=\"4.4.1\" background_layout=\"dark\"]<\/p><h1>Posizioni aperte<\/h1><p>[\/et_pb_text][et_pb_text admin_label=\"Agente\" _builder_version=\"4.5.1\" background_color=\"#314689\" background_layout=\"dark\" custom_padding=\"20px|20px|20px|20px|false|false\"]<\/p><h3>Agente Call Center<\/h3><p>Siamo alla ricerca di una risorsa da inserire nel nostro Team di Agenti di Call Center seria e determinata per l\u2019attivit\u00e0 di prenotazioni sanitarie, in-bound e out-bound, di visite specialistiche ed esami diagnostici in regime privato ed in convenzione. Il candidato ideale \u00e8 un giovane diplomato\/laureato con conoscenza dei sistemi informatici di base, buone capacit\u00e0 relazionali e di problem solving. Costituir\u00e0 titolo preferenziale una precedente esperienza in ambito sanitario e la conoscenza della lingua inglese (seconda lingua opzionale).<\/p><p>[\/et_pb_text][et_pb_text admin_label=\"Tirocinio\" _builder_version=\"4.4.7\" background_color=\"#314689\" background_layout=\"dark\" custom_padding=\"20px|20px|20px|20px|false|false\"]<\/p><h3>Tirocinio<\/h3><p>Siamo alla ricerca di una risorsa da inserire in tirocinio nel nostro Team SaniFast. La risorsa in costante collaborazione con il Tutor dovr\u00e0 occuparsi della gestione del centralino, dell\u2019accoglienza utente, dell\u2019organizzazione delle meeting rooms, dell\u2019attivit\u00e0 di supporto in ambito hr e direzionale, della segreteria e dei servizi generali. Il candidato ideale \u00e8 un giovane diplomato\/laureato under 25 con conoscenza dei sistemi informatici di base, buone capacit\u00e0 relazionali e di problem solving. Durante il tirocinio, il candidato acquisir\u00e0 le seguenti competenze: formazione di base sulla sanit\u00e0 e formazione specifica sulle strutture sanitarie, formazione su sistemi informatici e gestionali di prenotazione.<\/p><p>[\/et_pb_text][\/et_pb_column][et_pb_column type=\"3_5\" _builder_version=\"4.2.2\"][et_pb_text admin_label=\"form di contatto\" _builder_version=\"4.4.1\" background_layout=\"dark\"]<\/p><p>[wpforms id=\"409\" title=\"false\" description=\"false\"]<\/p><p>[\/et_pb_text][\/et_pb_column][\/et_pb_row][\/et_pb_section][et_pb_section fb_built=\"1\" admin_label=\"Footer con iphone\" module_id=\"download\" _builder_version=\"4.2.2\" background_color=\"#007fc4\" background_color_gradient_direction=\"90deg\" custom_margin=\"0px||||false|false\" custom_padding=\"0px||0px||false|false\" global_module=\"124\" saved_tabs=\"all\"][et_pb_row column_structure=\"1_3,1_3,1_3\" use_custom_gutter=\"on\" gutter_width=\"2\" _builder_version=\"4.2.2\" custom_margin=\"||0px||false|false\" custom_padding=\"||0px||false|false\"][et_pb_column type=\"1_3\" _builder_version=\"4.2.2\"][et_pb_text admin_label=\"Sanifast srl\" _builder_version=\"4.5.1\" background_layout=\"dark\" custom_margin=\"80px||||false|false\" text_orientation_tablet=\"\" text_orientation_phone=\"center\" text_orientation_last_edited=\"on|phone\"]<\/p><h3>Sanifast srl<\/h3><p>Corso Lodi 49<br \/>20139 Milano<br \/>PIVA 09829250969<\/p><p>[\/et_pb_text][\/et_pb_column][et_pb_column type=\"1_3\" _builder_version=\"4.2.2\"][et_pb_text admin_label=\"SCARICA LA NOSTRA APP\" _builder_version=\"4.5.1\" text_orientation=\"right\" background_layout=\"dark\" custom_margin=\"80px||||false|false\" animation_style=\"slide\" animation_direction=\"bottom\" animation_intensity_slide=\"5%\" text_orientation_tablet=\"\" text_orientation_phone=\"center\" text_orientation_last_edited=\"on|phone\"]<\/p><h3>SCARICA LA NOSTRA APP<\/h3><p>Disponibile per iPhone e Android<\/p><p>[\/et_pb_text][et_pb_image src=\"https:\/\/sanifast.it\/wp-content\/uploads\/2020\/02\/app-store.svg\" url=\"https:\/\/itunes.apple.com\/it\/app\/sanifast\/id1229213529\" url_new_window=\"on\" align=\"right\" admin_label=\"App store\" module_class=\"logoStoreFooter\" _builder_version=\"4.2.2\" width=\"50%\" animation_style=\"slide\" animation_direction=\"right\" animation_delay=\"500ms\" animation_intensity_slide=\"5%\"][\/et_pb_image][et_pb_image src=\"https:\/\/sanifast.it\/wp-content\/uploads\/2020\/02\/google-play.svg\" url=\"https:\/\/play.google.com\/store\/apps\/details?id=it.thedigitalprojectsrls.sanifast&hl=it\" url_new_window=\"on\" align=\"right\" admin_label=\"Android\" module_class=\"logoStoreFooter\" _builder_version=\"4.2.2\" width=\"50%\" animation_style=\"slide\" animation_direction=\"right\" animation_delay=\"750ms\" animation_intensity_slide=\"5%\"][\/et_pb_image][\/et_pb_column][et_pb_column type=\"1_3\" _builder_version=\"4.2.2\"][et_pb_image src=\"https:\/\/sanifast.it\/wp-content\/uploads\/2020\/02\/mockup-telefono.jpg\" admin_label=\"telefono\" _builder_version=\"4.2.2\" animation_style=\"slide\" animation_direction=\"right\" animation_intensity_slide=\"5%\"][\/et_pb_image][\/et_pb_column][\/et_pb_row][\/et_pb_section]<\/p>","_et_gb_content_width":""},"yoast_head":"<!-- This site is optimized with the Yoast SEO plugin v16.2 - https:\/\/yoast.com\/wordpress\/plugins\/seo\/ -->\n<title>Work with us - Sanifast<\/title>\n<meta name=\"robots\" content=\"index, follow, max-snippet:-1, max-image-preview:large, max-video-preview:-1\" \/>\n<link rel=\"canonical\" href=\"https:\/\/sanifast.it\/en\/work-with-us\/\" \/>\n<meta property=\"og:locale\" content=\"en_US\" \/>\n<meta property=\"og:type\" content=\"article\" \/>\n<meta property=\"og:title\" content=\"Work with us - Sanifast\" \/>\n<meta property=\"og:description\" content=\"WORK WITH US At sanifast we are revolutionizing the way people make healthcare bookings. Through Sanifast it is possible to book specialist visits and diagnostic tests, comfortably and in a smart way, both in private and in agreement. Simply book a call back and an operator will call back within half an hour. We want [&hellip;]\" \/>\n<meta property=\"og:url\" content=\"https:\/\/sanifast.it\/en\/work-with-us\/\" \/>\n<meta property=\"og:site_name\" content=\"Sanifast\" \/>\n<meta property=\"article:publisher\" content=\"https:\/\/www.facebook.com\/sanifastapp\/\" \/>\n<meta property=\"article:modified_time\" content=\"2021-02-03T16:19:59+00:00\" \/>\n<meta name=\"twitter:card\" content=\"summary_large_image\" \/>\n<meta name=\"twitter:label1\" content=\"Est. reading time\">\n\t<meta name=\"twitter:data1\" content=\"3 minutes\">\n<script type=\"application\/ld+json\" class=\"yoast-schema-graph\">{\"@context\":\"https:\/\/schema.org\",\"@graph\":[{\"@type\":\"Organization\",\"@id\":\"https:\/\/sanifast.it\/#organization\",\"name\":\"Sanifast\",\"url\":\"https:\/\/sanifast.it\/\",\"sameAs\":[\"https:\/\/www.facebook.com\/sanifastapp\/\",\"https:\/\/www.instagram.com\/sanifast.app\/\"],\"logo\":{\"@type\":\"ImageObject\",\"@id\":\"https:\/\/sanifast.it\/#logo\",\"inLanguage\":\"en-US\",\"url\":\"https:\/\/sanifast.it\/wp-content\/uploads\/2020\/02\/logo.png\",\"contentUrl\":\"https:\/\/sanifast.it\/wp-content\/uploads\/2020\/02\/logo.png\",\"width\":390,\"height\":107,\"caption\":\"Sanifast\"},\"image\":{\"@id\":\"https:\/\/sanifast.it\/#logo\"}},{\"@type\":\"WebSite\",\"@id\":\"https:\/\/sanifast.it\/#website\",\"url\":\"https:\/\/sanifast.it\/\",\"name\":\"Sanifast\",\"description\":\"Prenota una visita in 5 minuti\",\"publisher\":{\"@id\":\"https:\/\/sanifast.it\/#organization\"},\"potentialAction\":[{\"@type\":\"SearchAction\",\"target\":\"https:\/\/sanifast.it\/?s={search_term_string}\",\"query-input\":\"required name=search_term_string\"}],\"inLanguage\":\"en-US\"},{\"@type\":\"WebPage\",\"@id\":\"https:\/\/sanifast.it\/en\/work-with-us\/#webpage\",\"url\":\"https:\/\/sanifast.it\/en\/work-with-us\/\",\"name\":\"Work with us - Sanifast\",\"isPartOf\":{\"@id\":\"https:\/\/sanifast.it\/#website\"},\"datePublished\":\"2021-01-25T16:31:02+00:00\",\"dateModified\":\"2021-02-03T16:19:59+00:00\",\"breadcrumb\":{\"@id\":\"https:\/\/sanifast.it\/en\/work-with-us\/#breadcrumb\"},\"inLanguage\":\"en-US\",\"potentialAction\":[{\"@type\":\"ReadAction\",\"target\":[\"https:\/\/sanifast.it\/en\/work-with-us\/\"]}]},{\"@type\":\"BreadcrumbList\",\"@id\":\"https:\/\/sanifast.it\/en\/work-with-us\/#breadcrumb\",\"itemListElement\":[{\"@type\":\"ListItem\",\"position\":1,\"item\":{\"@type\":\"WebPage\",\"@id\":\"https:\/\/sanifast.it\/en\/\",\"url\":\"https:\/\/sanifast.it\/en\/\",\"name\":\"Home\"}},{\"@type\":\"ListItem\",\"position\":2,\"item\":{\"@id\":\"https:\/\/sanifast.it\/en\/work-with-us\/#webpage\"}}]}]}<\/script>\n<!-- \/ Yoast SEO plugin. -->","_links":{"self":[{"href":"https:\/\/sanifast.it\/en\/wp-json\/wp\/v2\/pages\/1359"}],"collection":[{"href":"https:\/\/sanifast.it\/en\/wp-json\/wp\/v2\/pages"}],"about":[{"href":"https:\/\/sanifast.it\/en\/wp-json\/wp\/v2\/types\/page"}],"author":[{"embeddable":true,"href":"https:\/\/sanifast.it\/en\/wp-json\/wp\/v2\/users\/8"}],"replies":[{"embeddable":true,"href":"https:\/\/sanifast.it\/en\/wp-json\/wp\/v2\/comments?post=1359"}],"version-history":[{"count":6,"href":"https:\/\/sanifast.it\/en\/wp-json\/wp\/v2\/pages\/1359\/revisions"}],"predecessor-version":[{"id":1473,"href":"https:\/\/sanifast.it\/en\/wp-json\/wp\/v2\/pages\/1359\/revisions\/1473"}],"wp:attachment":[{"href":"https:\/\/sanifast.it\/en\/wp-json\/wp\/v2\/media?parent=1359"}],"curies":[{"name":"wp","href":"https:\/\/api.w.org\/{rel}","templated":true}]}}